{"id":396,"date":"2026-04-12T17:01:19","date_gmt":"2026-04-12T17:01:19","guid":{"rendered":"https:\/\/carlaescada.com\/?page_id=396"},"modified":"2026-04-18T18:23:46","modified_gmt":"2026-04-18T18:23:46","slug":"sobre-mim","status":"publish","type":"page","link":"https:\/\/carlaescada.com\/?page_id=396","title":{"rendered":"Sobre Mim"},"content":{"rendered":"\t\t<div data-elementor-type=\"wp-page\" data-elementor-id=\"396\" class=\"elementor elementor-396\">\n\t\t\t\t<div class=\"elementor-element elementor-element-e549d1e e-flex e-con-boxed e-con e-parent\" data-id=\"e549d1e\" data-element_type=\"container\" data-e-type=\"container\">\n\t\t\t\t\t<div class=\"e-con-inner\">\n\t\t\t\t<div class=\"elementor-element elementor-element-cc5c940 elementor-widget-divider--view-line elementor-widget elementor-widget-divider\" data-id=\"cc5c940\" data-element_type=\"widget\" data-e-type=\"widget\" data-widget_type=\"divider.default\">\n\t\t\t\t\t\t\t<div class=\"elementor-divider\">\n\t\t\t<span class=\"elementor-divider-separator\">\n\t\t\t\t\t\t<\/span>\n\t\t<\/div>\n\t\t\t\t\t\t<\/div>\n\t\t\t\t\t<\/div>\n\t\t\t\t<\/div>\n\t\t<div class=\"elementor-element elementor-element-4ecb873 e-flex e-con-boxed e-con e-parent\" data-id=\"4ecb873\" data-element_type=\"container\" data-e-type=\"container\">\n\t\t\t\t\t<div class=\"e-con-inner\">\n\t\t\t\t<div class=\"elementor-element elementor-element-fa204ed elementor-widget elementor-widget-button\" data-id=\"fa204ed\" data-element_type=\"widget\" data-e-type=\"widget\" data-widget_type=\"button.default\">\n\t\t\t\t\t\t\t\t\t\t<a class=\"elementor-button elementor-button-link elementor-size-sm\" href=\"https:\/\/carlaescada.com\/\">\n\t\t\t\t\t\t<span class=\"elementor-button-content-wrapper\">\n\t\t\t\t\t\t\t\t\t<span class=\"elementor-button-text\">INICIO<\/span>\n\t\t\t\t\t<\/span>\n\t\t\t\t\t<\/a>\n\t\t\t\t\t\t\t\t<\/div>\n\t\t\t\t<div class=\"elementor-element elementor-element-0b9a008 elementor-widget elementor-widget-button\" data-id=\"0b9a008\" data-element_type=\"widget\" data-e-type=\"widget\" data-widget_type=\"button.default\">\n\t\t\t\t\t\t\t\t\t\t<a class=\"elementor-button elementor-button-link elementor-size-sm\" href=\"https:\/\/carlaescada.com\/wp-admin\/post.php?post=396&#038;action=elementor\">\n\t\t\t\t\t\t<span class=\"elementor-button-content-wrapper\">\n\t\t\t\t\t\t\t\t\t<span class=\"elementor-button-text\">SOBRE MIM<\/span>\n\t\t\t\t\t<\/span>\n\t\t\t\t\t<\/a>\n\t\t\t\t\t\t\t\t<\/div>\n\t\t\t\t<div class=\"elementor-element elementor-element-cf6d82d elementor-widget elementor-widget-button\" data-id=\"cf6d82d\" data-element_type=\"widget\" data-e-type=\"widget\" data-widget_type=\"button.default\">\n\t\t\t\t\t\t\t\t\t\t<a class=\"elementor-button elementor-button-link elementor-size-sm\" href=\"https:\/\/carlaescada.com\/?page_id=436\">\n\t\t\t\t\t\t<span class=\"elementor-button-content-wrapper\">\n\t\t\t\t\t\t\t\t\t<span class=\"elementor-button-text\">SERVI\u00c7OS<\/span>\n\t\t\t\t\t<\/span>\n\t\t\t\t\t<\/a>\n\t\t\t\t\t\t\t\t<\/div>\n\t\t\t\t<div class=\"elementor-element elementor-element-20f2147 elementor-widget elementor-widget-button\" data-id=\"20f2147\" data-element_type=\"widget\" data-e-type=\"widget\" data-widget_type=\"button.default\">\n\t\t\t\t\t\t\t\t\t\t<a class=\"elementor-button elementor-button-link elementor-size-sm\" href=\"#\">\n\t\t\t\t\t\t<span class=\"elementor-button-content-wrapper\">\n\t\t\t\t\t\t\t\t\t<span class=\"elementor-button-text\">PRESEN\u00c7A DIGITAL<\/span>\n\t\t\t\t\t<\/span>\n\t\t\t\t\t<\/a>\n\t\t\t\t\t\t\t\t<\/div>\n\t\t\t\t<div class=\"elementor-element elementor-element-776b250 elementor-widget elementor-widget-button\" data-id=\"776b250\" data-element_type=\"widget\" data-e-type=\"widget\" data-widget_type=\"button.default\">\n\t\t\t\t\t\t\t\t\t\t<a class=\"elementor-button elementor-button-link elementor-size-sm\" href=\"#\">\n\t\t\t\t\t\t<span class=\"elementor-button-content-wrapper\">\n\t\t\t\t\t\t\t\t\t<span class=\"elementor-button-text\">CONTACTOS<\/span>\n\t\t\t\t\t<\/span>\n\t\t\t\t\t<\/a>\n\t\t\t\t\t\t\t\t<\/div>\n\t\t\t\t<div class=\"elementor-element elementor-element-0252974 elementor-hidden-desktop elementor-hidden-tablet elementor-hidden-mobile elementor-widget elementor-widget-button\" data-id=\"0252974\" data-element_type=\"widget\" data-e-type=\"widget\" data-widget_type=\"button.default\">\n\t\t\t\t\t\t\t\t\t\t<a class=\"elementor-button elementor-button-link elementor-size-sm\" href=\"#\">\n\t\t\t\t\t\t<span class=\"elementor-button-content-wrapper\">\n\t\t\t\t\t\t\t\t\t<span class=\"elementor-button-text\">LOJA<\/span>\n\t\t\t\t\t<\/span>\n\t\t\t\t\t<\/a>\n\t\t\t\t\t\t\t\t<\/div>\n\t\t\t\t\t<\/div>\n\t\t\t\t<\/div>\n\t\t<div class=\"elementor-element elementor-element-404e8b1 e-flex e-con-boxed e-con e-parent\" data-id=\"404e8b1\" data-element_type=\"container\" data-e-type=\"container\" data-settings=\"{&quot;background_background&quot;:&quot;gradient&quot;}\">\n\t\t\t\t\t<div class=\"e-con-inner\">\n\t\t<div class=\"elementor-element elementor-element-52ef412 e-con-full e-flex e-con e-child\" data-id=\"52ef412\" data-element_type=\"container\" data-e-type=\"container\">\n\t\t\t\t<div class=\"elementor-element elementor-element-db80151 elementor-widget elementor-widget-spacer\" data-id=\"db80151\" data-element_type=\"widget\" data-e-type=\"widget\" data-widget_type=\"spacer.default\">\n\t\t\t\t\t\t\t<div class=\"elementor-spacer\">\n\t\t\t<div class=\"elementor-spacer-inner\"><\/div>\n\t\t<\/div>\n\t\t\t\t\t\t<\/div>\n\t\t\t\t<div class=\"elementor-element elementor-element-168d7db elementor-widget elementor-widget-image\" data-id=\"168d7db\" data-element_type=\"widget\" data-e-type=\"widget\" data-widget_type=\"image.default\">\n\t\t\t\t\t\t\t\t\t\t\t\t\t\t\t<img fetchpriority=\"high\" decoding=\"async\" width=\"322\" height=\"656\" src=\"https:\/\/carlaescada.com\r\n\/wp-content\/uploads\/2025\/11\/meio-corpo_branco_set25.png\" class=\"attachment-large size-large wp-image-39\" alt=\"\" srcset=\"https:\/\/carlaescada.com\r\n\/wp-content\/uploads\/2025\/11\/meio-corpo_branco_set25.png 322w, https:\/\/carlaescada.com\r\n\/wp-content\/uploads\/2025\/11\/meio-corpo_branco_set25-147x300.png 147w\" sizes=\"(max-width: 322px) 100vw, 322px\" \/>\t\t\t\t\t\t\t\t\t\t\t\t\t\t\t<\/div>\n\t\t\t\t<\/div>\n\t\t<div class=\"elementor-element elementor-element-4235f66 e-con-full e-flex e-con e-child\" data-id=\"4235f66\" data-element_type=\"container\" data-e-type=\"container\">\n\t\t\t\t<div class=\"elementor-element elementor-element-e3a895f elementor-widget elementor-widget-heading\" data-id=\"e3a895f\" data-element_type=\"widget\" data-e-type=\"widget\" data-widget_type=\"heading.default\">\n\t\t\t\t\t<h2 class=\"elementor-heading-title elementor-size-default\">Sobre Mim<\/h2>\t\t\t\t<\/div>\n\t\t\t\t<div class=\"elementor-element elementor-element-b9526c3 elementor-widget elementor-widget-text-editor\" data-id=\"b9526c3\" data-element_type=\"widget\" data-e-type=\"widget\" data-widget_type=\"text-editor.default\">\n\t\t\t\t\t\t\t\t\t<blockquote><p>Eu sou a Carla Monteiro Escada,<br>M\u00e3e de 2 meninos.<br>Orientadora Parental certificada pela Escola da Parentalidade Positiva de Portugal.<br><br>Fui professora de l\u00ednguas durante 15 anos.<br>P\u00f3s-graduada em Parentalidade e Educa\u00e7\u00e3o Positivas e Intelig\u00eancia Emocional, pela Escola da Parentalidade Positiva.<br>Coach Infanto Juvenil pelo Instituto Infantojuvenil, sendo s\u00f3cia da Associa\u00e7\u00e3o Portuguesa de Coaching Infantojuvenil.<br><br>\u00c9 minha miss\u00e3o proporcionar \u00e0s crian\u00e7as e suas fam\u00edlias ferramentas para que tenham uma vida equilibrada, saud\u00e1vel e leve.<br>Dando a todos os intervenientes as compet\u00eancias necess\u00e1rias para que sejam mais capazes, mais competentes e informados.<br>Ao longo do tempo fui evoluindo e procurando atender \u00e0s necessidades mais abrangentes da sociedade.<br>Assim, hoje para al\u00e9m do acompanhamento a crian\u00e7as e pais, tamb\u00e9m desenvolvi programas na \u00e1rea do desenvolvimento pessoal e emocional.<br>Para isso, desenvolvi parcerias com empresas, escolas e outras institui\u00e7\u00f5es de forma a levar a estas comunidades compet\u00eancias e conhecimento sobre Parentalidade e Educa\u00e7\u00e3o Positivas, Intelig\u00eancia Emocional, Gest\u00e3o Familiar, entre muitas outras, adaptadas \u00e0s necessidades de cada parceiro.<\/p><\/blockquote>\n<p><\/p>\n<p><\/p>\t\t\t\t\t\t\t\t<\/div>\n\t\t\t\t<div class=\"elementor-element elementor-element-5c031c4 elementor-align-center elementor-widget elementor-widget-button\" data-id=\"5c031c4\" data-element_type=\"widget\" data-e-type=\"widget\" data-widget_type=\"button.default\">\n\t\t\t\t\t\t\t\t\t\t<a class=\"elementor-button elementor-button-link elementor-size-sm\" href=\"#\">\n\t\t\t\t\t\t<span class=\"elementor-button-content-wrapper\">\n\t\t\t\t\t\t\t\t\t<span class=\"elementor-button-text\">Servi\u00e7os<\/span>\n\t\t\t\t\t<\/span>\n\t\t\t\t\t<\/a>\n\t\t\t\t\t\t\t\t<\/div>\n\t\t\t\t<\/div>\n\t\t\t\t\t<\/div>\n\t\t\t\t<\/div>\n\t\t<div class=\"elementor-element elementor-element-689eb51 e-flex e-con-boxed e-con e-parent\" data-id=\"689eb51\" data-element_type=\"container\" data-e-type=\"container\">\n\t\t\t\t\t<div class=\"e-con-inner\">\n\t\t\t\t<div class=\"elementor-element elementor-element-ba29e27 elementor-widget elementor-widget-spacer\" data-id=\"ba29e27\" data-element_type=\"widget\" data-e-type=\"widget\" data-widget_type=\"spacer.default\">\n\t\t\t\t\t\t\t<div class=\"elementor-spacer\">\n\t\t\t<div class=\"elementor-spacer-inner\"><\/div>\n\t\t<\/div>\n\t\t\t\t\t\t<\/div>\n\t\t\t\t\t<\/div>\n\t\t\t\t<\/div>\n\t\t<div class=\"elementor-element elementor-element-41d9e01 e-flex e-con-boxed e-con e-parent\" data-id=\"41d9e01\" data-element_type=\"container\" data-e-type=\"container\" data-settings=\"{&quot;background_background&quot;:&quot;gradient&quot;}\">\n\t\t\t\t\t<div class=\"e-con-inner\">\n\t\t<div class=\"elementor-element elementor-element-3549786 e-con-full e-flex e-con e-child\" data-id=\"3549786\" data-element_type=\"container\" data-e-type=\"container\">\n\t\t\t\t<div class=\"elementor-element elementor-element-91a5794 elementor-widget elementor-widget-heading\" data-id=\"91a5794\" data-element_type=\"widget\" data-e-type=\"widget\" data-widget_type=\"heading.default\">\n\t\t\t\t\t<h2 class=\"elementor-heading-title elementor-size-default\">A Minha Miss\u00e3o<\/h2>\t\t\t\t<\/div>\n\t\t\t\t<div class=\"elementor-element elementor-element-f7762c0 elementor-widget elementor-widget-text-editor\" data-id=\"f7762c0\" data-element_type=\"widget\" data-e-type=\"widget\" data-widget_type=\"text-editor.default\">\n\t\t\t\t\t\t\t\t\t<p data-start=\"0\" data-end=\"127\">A minha miss\u00e3o \u00e9 proporcionar \u00e0s crian\u00e7as e \u00e0s suas fam\u00edlias ferramentas para que tenham uma vida equilibrada, saud\u00e1vel e leve.<\/p><p data-start=\"0\" data-end=\"127\"><br><\/p>\n<p data-start=\"129\" data-end=\"241\">Dou a todos os intervenientes as compet\u00eancias necess\u00e1rias para que sejam mais capazes, competentes e informados.<br><br><\/p>\n<p data-start=\"243\" data-end=\"345\">Ao longo do tempo, fui evoluindo e procurando responder \u00e0s necessidades mais abrangentes da sociedade.<\/p><p data-start=\"243\" data-end=\"345\"><br><\/p>\n<p data-start=\"347\" data-end=\"482\">Assim, hoje, para al\u00e9m do acompanhamento a crian\u00e7as e pais, desenvolvo tamb\u00e9m programas na \u00e1rea do desenvolvimento pessoal e emocional.<\/p><p data-start=\"347\" data-end=\"482\"><br><\/p>\n<p><\/p>\n<p data-start=\"484\" data-end=\"786\" data-is-last-node=\"\" data-is-only-node=\"\">Para isso, estabele\u00e7o parcerias com empresas, escolas e outras institui\u00e7\u00f5es, de forma a levar a estas comunidades compet\u00eancias e conhecimento sobre Parentalidade e Educa\u00e7\u00e3o Positivas, Intelig\u00eancia Emocional, Gest\u00e3o Familiar, entre muitas outras \u00e1reas, sempre adaptadas \u00e0s necessidades de cada parceiro.<\/p>\t\t\t\t\t\t\t\t<\/div>\n\t\t\t\t<\/div>\n\t\t<div class=\"elementor-element elementor-element-7c55081 e-con-full e-flex e-con e-child\" data-id=\"7c55081\" data-element_type=\"container\" data-e-type=\"container\">\n\t\t\t\t<div class=\"elementor-element elementor-element-f1e3736 elementor-widget elementor-widget-image\" data-id=\"f1e3736\" data-element_type=\"widget\" data-e-type=\"widget\" data-widget_type=\"image.default\">\n\t\t\t\t\t\t\t\t\t\t\t\t\t\t\t<img decoding=\"async\" width=\"380\" height=\"686\" src=\"https:\/\/carlaescada.com\r\n\/wp-content\/uploads\/2026\/04\/Design-sem-nome-1.png\" class=\"attachment-2048x2048 size-2048x2048 wp-image-405\" alt=\"\" srcset=\"https:\/\/carlaescada.com\r\n\/wp-content\/uploads\/2026\/04\/Design-sem-nome-1.png 380w, https:\/\/carlaescada.com\r\n\/wp-content\/uploads\/2026\/04\/Design-sem-nome-1-166x300.png 166w\" sizes=\"(max-width: 380px) 100vw, 380px\" \/>\t\t\t\t\t\t\t\t\t\t\t\t\t\t\t<\/div>\n\t\t\t\t<\/div>\n\t\t\t\t\t<\/div>\n\t\t\t\t<\/div>\n\t\t\t\t<\/div>\n\t\t","protected":false},"excerpt":{"rendered":"<p>INICIO SOBRE MIM SERVI\u00c7OS PRESEN\u00c7A DIGITAL CONTACTOS LOJA Sobre Mim Eu sou a Carla Monteiro Escada,M\u00e3e de 2 meninos.Orientadora Parental certificada pela Escola da Parentalidade Positiva de Portugal. Fui professora de l\u00ednguas durante 15 anos.P\u00f3s-graduada em Parentalidade e Educa\u00e7\u00e3o Positivas e Intelig\u00eancia Emocional, pela Escola da Parentalidade Positiva.Coach Infanto Juvenil pelo Instituto Infantojuvenil, sendo s\u00f3cia [&hellip;]<\/p>\n","protected":false},"author":2,"featured_media":0,"parent":0,"menu_order":0,"comment_status":"closed","ping_status":"closed","template":"","meta":{"footnotes":""},"class_list":["post-396","page","type-page","status-publish","hentry"],"_links":{"self":[{"href":"https:\/\/carlaescada.com\/index.php?rest_route=\/wp\/v2\/pages\/396","targetHints":{"allow":["GET"]}}],"collection":[{"href":"https:\/\/carlaescada.com\/index.php?rest_route=\/wp\/v2\/pages"}],"about":[{"href":"https:\/\/carlaescada.com\/index.php?rest_route=\/wp\/v2\/types\/page"}],"author":[{"embeddable":true,"href":"https:\/\/carlaescada.com\/index.php?rest_route=\/wp\/v2\/users\/2"}],"replies":[{"embeddable":true,"href":"https:\/\/carlaescada.com\/index.php?rest_route=%2Fwp%2Fv2%2Fcomments&post=396"}],"version-history":[{"count":25,"href":"https:\/\/carlaescada.com\/index.php?rest_route=\/wp\/v2\/pages\/396\/revisions"}],"predecessor-version":[{"id":466,"href":"https:\/\/carlaescada.com\/index.php?rest_route=\/wp\/v2\/pages\/396\/revisions\/466"}],"wp:attachment":[{"href":"https:\/\/carlaescada.com\/index.php?rest_route=%2Fwp%2Fv2%2Fmedia&parent=396"}],"curies":[{"name":"wp","href":"https:\/\/api.w.org\/{rel}","templated":true}]}}